{"id":106,"date":"2023-11-13T17:13:32","date_gmt":"2023-11-13T16:13:32","guid":{"rendered":"https:\/\/olivergollin.com\/?page_id=106"},"modified":"2023-11-13T17:14:33","modified_gmt":"2023-11-13T16:14:33","slug":"willkommen","status":"publish","type":"page","link":"https:\/\/olivergollin.com\/index.php\/fr\/willkommen\/","title":{"rendered":"Bienvenue"},"content":{"rendered":"\n<p>Pour moi, la lutherie est la recherche constante de l&rsquo;harmonie et de l&rsquo;\u00e9quilibre entre toutes choses. La force cr\u00e9ative des mains est aussi importante que la r\u00e9flexion scientifique qui se cache derri\u00e8re. Sans connaissances et exp\u00e9riences approfondies en physique, chimie et math\u00e9matiques, la fabrication des instruments ne peut pas se perfectionner. Dans la m\u00eame id\u00e9e, la perp\u00e9tuation de la tradition est aussi importante que l\u2019assimilation de la modernit\u00e9. Comme chaque chose dans ce monde, chaque instrument, pour atteindre son plus haut potentiel harmonique, a besoin de trouver l\u2019\u00e9quilibre qui lui est propre.<\/p>\n","protected":false},"excerpt":{"rendered":"<p>Pour moi, la lutherie est la recherche constante de l&rsquo;harmonie et de l&rsquo;\u00e9quilibre entre toutes choses. La force cr\u00e9ative des mains est aussi importante que la r\u00e9flexion scientifique qui se cache derri\u00e8re. Sans connaissances et exp\u00e9riences approfondies en physique, chimie et math\u00e9matiques, la fabrication des instruments ne peut pas se perfectionner. Dans la m\u00eame id\u00e9e, &hellip; <\/p>\n<p class=\"link-more\"><a href=\"https:\/\/olivergollin.com\/index.php\/fr\/willkommen\/\" class=\"more-link\">Continuer la lecture<span class=\"screen-reader-text\"> de &laquo;&nbsp;Bienvenue&nbsp;&raquo;<\/span><\/a><\/p>\n","protected":false},"author":1,"featured_media":0,"parent":0,"menu_order":0,"comment_status":"closed","ping_status":"closed","template":"","meta":{"footnotes":""},"class_list":["post-106","page","type-page","status-publish","hentry"],"_links":{"self":[{"href":"https:\/\/olivergollin.com\/index.php\/wp-json\/wp\/v2\/pages\/106","targetHints":{"allow":["GET"]}}],"collection":[{"href":"https:\/\/olivergollin.com\/index.php\/wp-json\/wp\/v2\/pages"}],"about":[{"href":"https:\/\/olivergollin.com\/index.php\/wp-json\/wp\/v2\/types\/page"}],"author":[{"embeddable":true,"href":"https:\/\/olivergollin.com\/index.php\/wp-json\/wp\/v2\/users\/1"}],"replies":[{"embeddable":true,"href":"https:\/\/olivergollin.com\/index.php\/wp-json\/wp\/v2\/comments?post=106"}],"version-history":[{"count":2,"href":"https:\/\/olivergollin.com\/index.php\/wp-json\/wp\/v2\/pages\/106\/revisions"}],"predecessor-version":[{"id":108,"href":"https:\/\/olivergollin.com\/index.php\/wp-json\/wp\/v2\/pages\/106\/revisions\/108"}],"wp:attachment":[{"href":"https:\/\/olivergollin.com\/index.php\/wp-json\/wp\/v2\/media?parent=106"}],"curies":[{"name":"wp","href":"https:\/\/api.w.org\/{rel}","templated":true}]}}