{"id":113,"date":"2023-11-13T17:17:05","date_gmt":"2023-11-13T16:17:05","guid":{"rendered":"https:\/\/olivergollin.com\/?page_id=113"},"modified":"2023-11-13T17:17:06","modified_gmt":"2023-11-13T16:17:06","slug":"benvenuto","status":"publish","type":"page","link":"https:\/\/olivergollin.com\/index.php\/it\/benvenuto\/","title":{"rendered":"Benvenuto"},"content":{"rendered":"\n<p>Per me la liuteria \u00e8 la ricerca costante dell&rsquo;armonia e dell&rsquo;equilibrio tra tutte le cose. Il potere creativo delle mani \u00e8 importante quanto il pensiero scientifico che vi sta dietro. Senza un&rsquo;ampia conoscenza ed esperienza in fisica, chimica e matematica, la liuteria non pu\u00f2 essere perfezionata. La continuazione della tradizione in questo mestiere \u00e8 importante quanto la considerazione della modernit\u00e0. Come ogni altra cosa al mondo, ogni strumento deve trovare il proprio equilibrio per raggiungere il suo massimo potenziale.<\/p>\n","protected":false},"excerpt":{"rendered":"<p>Per me la liuteria \u00e8 la ricerca costante dell&rsquo;armonia e dell&rsquo;equilibrio tra tutte le cose. Il potere creativo delle mani \u00e8 importante quanto il pensiero scientifico che vi sta dietro. Senza un&rsquo;ampia conoscenza ed esperienza in fisica, chimica e matematica, la liuteria non pu\u00f2 essere perfezionata. La continuazione della tradizione in questo mestiere \u00e8 importante &hellip; <\/p>\n<p class=\"link-more\"><a href=\"https:\/\/olivergollin.com\/index.php\/it\/benvenuto\/\" class=\"more-link\">Continuer la lecture<span class=\"screen-reader-text\"> de &laquo;&nbsp;Benvenuto&nbsp;&raquo;<\/span><\/a><\/p>\n","protected":false},"author":1,"featured_media":0,"parent":0,"menu_order":0,"comment_status":"closed","ping_status":"closed","template":"","meta":{"footnotes":""},"class_list":["post-113","page","type-page","status-publish","hentry"],"_links":{"self":[{"href":"https:\/\/olivergollin.com\/index.php\/wp-json\/wp\/v2\/pages\/113","targetHints":{"allow":["GET"]}}],"collection":[{"href":"https:\/\/olivergollin.com\/index.php\/wp-json\/wp\/v2\/pages"}],"about":[{"href":"https:\/\/olivergollin.com\/index.php\/wp-json\/wp\/v2\/types\/page"}],"author":[{"embeddable":true,"href":"https:\/\/olivergollin.com\/index.php\/wp-json\/wp\/v2\/users\/1"}],"replies":[{"embeddable":true,"href":"https:\/\/olivergollin.com\/index.php\/wp-json\/wp\/v2\/comments?post=113"}],"version-history":[{"count":1,"href":"https:\/\/olivergollin.com\/index.php\/wp-json\/wp\/v2\/pages\/113\/revisions"}],"predecessor-version":[{"id":114,"href":"https:\/\/olivergollin.com\/index.php\/wp-json\/wp\/v2\/pages\/113\/revisions\/114"}],"wp:attachment":[{"href":"https:\/\/olivergollin.com\/index.php\/wp-json\/wp\/v2\/media?parent=113"}],"curies":[{"name":"wp","href":"https:\/\/api.w.org\/{rel}","templated":true}]}}