{"id":43,"date":"2023-11-12T14:35:15","date_gmt":"2023-11-12T13:35:15","guid":{"rendered":"http:\/\/babpyzl.cluster028.hosting.ovh.net\/?page_id=43"},"modified":"2023-11-12T14:46:32","modified_gmt":"2023-11-12T13:46:32","slug":"entretien-2","status":"publish","type":"page","link":"https:\/\/olivergollin.com\/index.php\/fr\/entretien-2\/","title":{"rendered":"Entretien"},"content":{"rendered":"\n<p>Pour assurer une longue vie \u00e0 vos instruments, il est n\u00e9cessaire de faire des entretiens r\u00e9guliers afin de lutter efficacement contre l\u2019usure li\u00e9e \u00e0 la pratique quotidienne (plus ou moins intensive). Sans le savoir, des marques et des traces li\u00e9es \u00e0 l\u2019usage peuvent parfois affecter la qualit\u00e9 de son de vos instruments. Le luthier est l\u00e0 pour les reconna\u00eetre.<\/p>\n","protected":false},"excerpt":{"rendered":"<p>Pour assurer une longue vie \u00e0 vos instruments, il est n\u00e9cessaire de faire des entretiens r\u00e9guliers afin de lutter efficacement contre l\u2019usure li\u00e9e \u00e0 la pratique quotidienne (plus ou moins intensive). Sans le savoir, des marques et des traces li\u00e9es \u00e0 l\u2019usage peuvent parfois affecter la qualit\u00e9 de son de vos instruments. Le luthier est &hellip; <\/p>\n<p class=\"link-more\"><a href=\"https:\/\/olivergollin.com\/index.php\/fr\/entretien-2\/\" class=\"more-link\">Continuer la lecture<span class=\"screen-reader-text\"> de &laquo;&nbsp;Entretien&nbsp;&raquo;<\/span><\/a><\/p>\n","protected":false},"author":1,"featured_media":0,"parent":0,"menu_order":0,"comment_status":"closed","ping_status":"closed","template":"","meta":{"footnotes":""},"class_list":["post-43","page","type-page","status-publish","hentry"],"_links":{"self":[{"href":"https:\/\/olivergollin.com\/index.php\/wp-json\/wp\/v2\/pages\/43","targetHints":{"allow":["GET"]}}],"collection":[{"href":"https:\/\/olivergollin.com\/index.php\/wp-json\/wp\/v2\/pages"}],"about":[{"href":"https:\/\/olivergollin.com\/index.php\/wp-json\/wp\/v2\/types\/page"}],"author":[{"embeddable":true,"href":"https:\/\/olivergollin.com\/index.php\/wp-json\/wp\/v2\/users\/1"}],"replies":[{"embeddable":true,"href":"https:\/\/olivergollin.com\/index.php\/wp-json\/wp\/v2\/comments?post=43"}],"version-history":[{"count":1,"href":"https:\/\/olivergollin.com\/index.php\/wp-json\/wp\/v2\/pages\/43\/revisions"}],"predecessor-version":[{"id":45,"href":"https:\/\/olivergollin.com\/index.php\/wp-json\/wp\/v2\/pages\/43\/revisions\/45"}],"wp:attachment":[{"href":"https:\/\/olivergollin.com\/index.php\/wp-json\/wp\/v2\/media?parent=43"}],"curies":[{"name":"wp","href":"https:\/\/api.w.org\/{rel}","templated":true}]}}