{"id":63,"date":"2023-11-13T16:44:11","date_gmt":"2023-11-13T15:44:11","guid":{"rendered":"https:\/\/olivergollin.com\/?page_id=63"},"modified":"2024-12-05T10:41:44","modified_gmt":"2024-12-05T09:41:44","slug":"portrait-2","status":"publish","type":"page","link":"https:\/\/olivergollin.com\/index.php\/fr\/portrait-2\/","title":{"rendered":"Portrait"},"content":{"rendered":"\n<p>Apr\u00e8s avoir obtenu mon dipl\u00f4me de compagnon luthier \u00e0 l\u2019\u00e9cole Nationale de Lutherie de Klingenthal en Allemagne, j\u2019ai d\u00e9but\u00e9 mon parcours professionnel \u00e0 Markneukirchen et \u00e0 Leipzig. En 2018, je suis parti en France et ai int\u00e9gr\u00e9 l\u2019atelier d\u2019Alexandre Snitkovsky \u00e0 Lyon. Au contact des instruments des plus grands ma\u00eetres de l\u2019histoire de la lutherie (Stradivari, Amati, Vuillaume,\u2026) j\u2019ai d\u00e9velopp\u00e9 un v\u00e9ritable savoir-faire dans la haute-restauration des instruments anciens. En 2021, j\u2019ai pass\u00e9 avec succ\u00e8s mon examen de Ma\u00eetre-luthier \u00e0 Hallstatt, en Haute-Autriche puis ai rejoint le berceau de la lutherie mondiale, la ville de Cr\u00e9mone, pour y travailler et renforcer mon savoir et mes liens, aux racines du m\u00e9tier, avec les plus grands luthiers de l&rsquo;histoire du monde.<\/p>\n\n\n\n<p>Depuis 2025, j&rsquo;accueille dans mon atelier de Marseille, en Provence, les musiciens de tous les horizons (national et international), avec pour objectif premier de proposer des instruments qui conjuguent richesse de sonorit\u00e9, expressivit\u00e9, durabilit\u00e9 et confort de jeu.<\/p>\n","protected":false},"excerpt":{"rendered":"<p>Apr\u00e8s avoir obtenu mon dipl\u00f4me de compagnon luthier \u00e0 l\u2019\u00e9cole Nationale de Lutherie de Klingenthal en Allemagne, j\u2019ai d\u00e9but\u00e9 mon parcours professionnel \u00e0 Markneukirchen et \u00e0 Leipzig. En 2018, je suis parti en France et ai int\u00e9gr\u00e9 l\u2019atelier d\u2019Alexandre Snitkovsky \u00e0 Lyon. Au contact des instruments des plus grands ma\u00eetres de l\u2019histoire de la lutherie &hellip; <\/p>\n<p class=\"link-more\"><a href=\"https:\/\/olivergollin.com\/index.php\/fr\/portrait-2\/\" class=\"more-link\">Continuer la lecture<span class=\"screen-reader-text\"> de &laquo;&nbsp;Portrait&nbsp;&raquo;<\/span><\/a><\/p>\n","protected":false},"author":1,"featured_media":0,"parent":0,"menu_order":0,"comment_status":"closed","ping_status":"closed","template":"","meta":{"footnotes":""},"class_list":["post-63","page","type-page","status-publish","hentry"],"_links":{"self":[{"href":"https:\/\/olivergollin.com\/index.php\/wp-json\/wp\/v2\/pages\/63","targetHints":{"allow":["GET"]}}],"collection":[{"href":"https:\/\/olivergollin.com\/index.php\/wp-json\/wp\/v2\/pages"}],"about":[{"href":"https:\/\/olivergollin.com\/index.php\/wp-json\/wp\/v2\/types\/page"}],"author":[{"embeddable":true,"href":"https:\/\/olivergollin.com\/index.php\/wp-json\/wp\/v2\/users\/1"}],"replies":[{"embeddable":true,"href":"https:\/\/olivergollin.com\/index.php\/wp-json\/wp\/v2\/comments?post=63"}],"version-history":[{"count":2,"href":"https:\/\/olivergollin.com\/index.php\/wp-json\/wp\/v2\/pages\/63\/revisions"}],"predecessor-version":[{"id":227,"href":"https:\/\/olivergollin.com\/index.php\/wp-json\/wp\/v2\/pages\/63\/revisions\/227"}],"wp:attachment":[{"href":"https:\/\/olivergollin.com\/index.php\/wp-json\/wp\/v2\/media?parent=63"}],"curies":[{"name":"wp","href":"https:\/\/api.w.org\/{rel}","templated":true}]}}