{"id":9,"date":"2023-09-16T14:16:16","date_gmt":"2023-09-16T12:16:16","guid":{"rendered":"http:\/\/babpyzl.cluster028.hosting.ovh.net\/?page_id=9"},"modified":"2025-03-14T12:45:58","modified_gmt":"2025-03-14T11:45:58","slug":"portrait","status":"publish","type":"page","link":"https:\/\/olivergollin.com\/index.php\/de\/portrait\/","title":{"rendered":"Portr\u00e4t"},"content":{"rendered":"\n<p>Nach dem erfolgreichen Erhalt meines Gesellenbriefes 2014 an der traditionsreichen Geigenbauschule in Klingenthal, sammelte ich erste Erfahrungen im Geigen- und Kontrabassbau in Markneukirchen. Von 2015 bis 2017 konnte ich dieses Wissen in renommierten Geigenbauwerkst\u00e4tten in der Kulturstadt Leipzig vertiefen. Danach erlaubten mir mehrere Zusammenarbeiten und Arbeitserfahrungen mit international hochrangigen Ateliers vom S\u00fcden bis in den Norden Frankreichs, unter anderem bei Yair Hod Fainas in Paris, meine Kenntnisse \u00fcber die Welt des Geigenbaus auszubauen, bevor ich mein K\u00f6nnen und Wissen in der gehobenen Instrumentenrestauration im Atelier von Alexandre Snitkovsky in Lyon auf Weltniveau perfektionieren konnte. 2021 legte ich unter den Augen von fachlich herausragenden Kollegen mit Erfolg meine Pr\u00fcfung zum Meistertitel im ober\u00f6sterreichischen Hallstatt ab und bin kurz darauf in die italienische Wiege des Geigenbaus Cremona \u00fcbersiedelt, um dort mehrere Jahre meine Bindung zu den historischen Wurzeln und gr\u00f6ssten Geigenbauern der Weltgeschichte zu st\u00e4rken.\u00a0<\/p>\n\n\n\n<p>Seit 2025 begr\u00fcsse ich Sie auf internationaler Ebene in meiner Hauptwerkstatt in Marseille in der Provence auf der Suche nach der klanglichen, \u00e4sthetischen und spielbaren Perfektion Ihres Instrumentes.<\/p>\n","protected":false},"excerpt":{"rendered":"<p>Nach dem erfolgreichen Erhalt meines Gesellenbriefes 2014 an der traditionsreichen Geigenbauschule in Klingenthal, sammelte ich erste Erfahrungen im Geigen- und Kontrabassbau in Markneukirchen. Von 2015 bis 2017 konnte ich dieses Wissen in renommierten Geigenbauwerkst\u00e4tten in der Kulturstadt Leipzig vertiefen. Danach erlaubten mir mehrere Zusammenarbeiten und Arbeitserfahrungen mit international hochrangigen Ateliers vom S\u00fcden bis in den &hellip; <\/p>\n<p class=\"link-more\"><a href=\"https:\/\/olivergollin.com\/index.php\/de\/portrait\/\" class=\"more-link\">Continuer la lecture<span class=\"screen-reader-text\"> de &laquo;&nbsp;Portr\u00e4t&nbsp;&raquo;<\/span><\/a><\/p>\n","protected":false},"author":1,"featured_media":0,"parent":0,"menu_order":0,"comment_status":"closed","ping_status":"closed","template":"","meta":{"footnotes":""},"class_list":["post-9","page","type-page","status-publish","hentry"],"_links":{"self":[{"href":"https:\/\/olivergollin.com\/index.php\/wp-json\/wp\/v2\/pages\/9","targetHints":{"allow":["GET"]}}],"collection":[{"href":"https:\/\/olivergollin.com\/index.php\/wp-json\/wp\/v2\/pages"}],"about":[{"href":"https:\/\/olivergollin.com\/index.php\/wp-json\/wp\/v2\/types\/page"}],"author":[{"embeddable":true,"href":"https:\/\/olivergollin.com\/index.php\/wp-json\/wp\/v2\/users\/1"}],"replies":[{"embeddable":true,"href":"https:\/\/olivergollin.com\/index.php\/wp-json\/wp\/v2\/comments?post=9"}],"version-history":[{"count":5,"href":"https:\/\/olivergollin.com\/index.php\/wp-json\/wp\/v2\/pages\/9\/revisions"}],"predecessor-version":[{"id":248,"href":"https:\/\/olivergollin.com\/index.php\/wp-json\/wp\/v2\/pages\/9\/revisions\/248"}],"wp:attachment":[{"href":"https:\/\/olivergollin.com\/index.php\/wp-json\/wp\/v2\/media?parent=9"}],"curies":[{"name":"wp","href":"https:\/\/api.w.org\/{rel}","templated":true}]}}